{"id":19162,"date":"2021-12-15T00:20:49","date_gmt":"2021-12-15T00:20:49","guid":{"rendered":"https:\/\/relay.wordifysites.com\/?page_id=35"},"modified":"2023-11-03T11:51:02","modified_gmt":"2023-11-03T11:51:02","slug":"echipa","status":"publish","type":"page","link":"https:\/\/cjam.ro\/index.php\/echipa\/","title":{"rendered":"Echipa noastr\u0103"},"content":{"rendered":"<div class=\"gb-container gb-container-4a097ac4\">\n<div class=\"gb-container gb-container-6dc33205\">\n\n<h2 class=\"gb-headline gb-headline-c9ba4d87 gb-headline-text\"><mark class=\"gb-highlight\">centrul jude\u021bean de aparatur\u0103 medical\u0103 bra\u0219ov<\/mark><\/h2>\n\n\n\n<p>a fost fondat acum peste 70 de ani.&nbsp;Ast\u0103zi este format dintr-o echip\u0103 de peste zece tehnicieni.&nbsp;De-a lungul timpului am investit permanent \u00een formarea \u0219i preg\u0103tirea speciali\u0219tilor no\u0219tri. Astfel, \u00een prezent, avem o contribu\u021bie major\u0103 \u00een industria serviciilor de echipamente medicale.&nbsp;<\/p>\n\n\n\n<p>Depunem eforturi \u00een fiecare zi pentru a men\u021bine serviciile de calitate cu care cei care ne sunt clien\u021bi de mult timp s-au obi\u0219nuit, dar \u0219i pentru a furniza aceste servicii noilor no\u0219tri clien\u021bi.&nbsp;Accentul nostru r\u0103m\u00e2ne pe furnizarea prompt\u0103 de lucr\u0103ri de calitate \u0219i de servicii excelente. \u0218tim bine c\u00e2t de important este timpul pentru fiecare.&nbsp;Aceste valori i-au ajutat pe clien\u021bii no\u0219tri s\u0103 devin\u0103 peteneri de \u00eencredere pentru beneficiarii serviciilor oferite de ei \u00een domeniul s\u0103n\u0103t\u0103\u021bii.<\/p>\n\n\n\n<a class=\"gb-button gb-button-d3fdecf1 gb-button-text\" href=\"https:\/\/cjam.ro\/index.php\/contact\/\">MAI MULTE INFORMA\u021aII<\/a>\n\n<\/div>\n\n<div class=\"gb-container gb-container-c558de1f\">\n<div class=\"gb-grid-wrapper gb-grid-wrapper-0076c374\">\n<div class=\"gb-grid-column gb-grid-column-fdb393ab\"><div class=\"gb-container gb-container-fdb393ab\"><\/div><\/div>\n\n<div class=\"gb-grid-column gb-grid-column-61e01030\"><div class=\"gb-container gb-container-61e01030\">\n\n<h3 class=\"gb-headline gb-headline-62867691 gb-headline-text\">150<\/h3>\n\n\n\n<p class=\"gb-headline gb-headline-e762350d gb-headline-text\">colabor\u0103ri pe termen lung<\/p>\n\n<\/div><\/div>\n\n<div class=\"gb-grid-column gb-grid-column-b9814620\"><div class=\"gb-container gb-container-b9814620\">\n\n<h3 class=\"gb-headline gb-headline-8d5f40c3 gb-headline-text\">500<\/h3>\n\n\n\n<p class=\"gb-headline gb-headline-f0f4c1d2 gb-headline-text\">clien\u021bi<\/p>\n\n<\/div><\/div>\n\n<div class=\"gb-grid-column gb-grid-column-0586ab1d\"><div class=\"gb-container gb-container-0586ab1d\">\n\n<h1 class=\"gb-headline gb-headline-1977657c gb-headline-text\">70<\/h1>\n\n\n\n<p class=\"gb-headline gb-headline-721f6780 gb-headline-text\">de ani de experien\u021b\u0103<\/p>\n\n<\/div><\/div>\n\n<div class=\"gb-grid-column gb-grid-column-9e4d03fd\"><div class=\"gb-container gb-container-9e4d03fd\">\n\n<h1 class=\"gb-headline gb-headline-95375b1f gb-headline-text\">15<\/h1>\n\n\n\n<p class=\"gb-headline gb-headline-1e695e81 gb-headline-text\">tehnicieni califica\u021bi<\/p>\n\n<\/div><\/div>\n<\/div>\n<\/div>\n<\/div>\n\n<div class=\"gb-container gb-container-aaf4a83e\">\n\n<h2 class=\"gb-headline gb-headline-62c55470\"><span class=\"gb-icon\"><svg xmlns=\"http:\/\/www.w3.org\/2000\/svg\" viewBox=\"0 0 512 512\" width=\"1em\" height=\"1em\" aria-hidden=\"true\"><path d=\"M328 256c0 39.8-32.2 72-72 72s-72-32.2-72-72 32.2-72 72-72 72 32.2 72 72zm104-72c-39.8 0-72 32.2-72 72s32.2 72 72 72 72-32.2 72-72-32.2-72-72-72zm-352 0c-39.8 0-72 32.2-72 72s32.2 72 72 72 72-32.2 72-72-32.2-72-72-72z\" fill=\"currentColor\"><\/path><\/svg><\/span><span class=\"gb-headline-text\">SERVICII OFERITE<\/span><\/h2>\n\n\n\n<p class=\"gb-headline gb-headline-a7d5324d gb-headline-text\">Centrul Jude\u021bean de Aparatur\u0103 Medical\u0103 Bra\u0219ov furnizeaz\u0103 servicii de<\/p>\n\n\n<div class=\"gb-grid-wrapper gb-grid-wrapper-b398b1df\">\n<div class=\"gb-grid-column gb-grid-column-3ab92be5\"><div class=\"gb-container gb-container-3ab92be5\">\n\n<h3 class=\"gb-headline gb-headline-1d83deee\"><span class=\"gb-icon\"><svg fill=\"#000000\" height=\"800px\" width=\"800px\" version=\"1.1\" id=\"Capa_1\" xmlns=\"http:\/\/www.w3.org\/2000\/svg\" xmlns:xlink=\"http:\/\/www.w3.org\/1999\/xlink\" viewBox=\"0 0 496.121 496.121\" xml:space=\"preserve\"> <g> \t<path d=\"M69.162,415.397c-4.629,0-8.41-3.768-8.41-8.408V97.518c0-4.639,3.781-8.406,8.41-8.406h215.045 \t\tc4.639,0,8.404,3.768,8.404,8.406v156.385c10.457-4.598,21.625-7.807,33.244-9.625V97.518c0-22.965-18.684-41.648-41.648-41.648 \t\tH116.576V41.648c0-4.645,3.781-8.404,8.404-8.404h215.045c4.629,0,8.41,3.76,8.41,8.404v200.943 \t\tc11.313,0.129,22.403,1.801,33.243,4.752V41.648C381.679,18.678,362.995,0,340.025,0H124.98c-22.97,0-41.648,18.678-41.648,41.648 \t\tv14.221h-14.17c-22.954,0-41.653,18.683-41.653,41.648v309.471c0,22.967,18.699,41.65,41.653,41.65h162.858 \t\tc-6.384-10.258-11.442-21.391-14.917-33.242H69.162z\"><\/path> \t<path d=\"M120.129,175.922h86.485c9.189,0,16.621-7.434,16.621-16.623c0-9.184-7.432-16.621-16.621-16.621h-86.485 \t\tc-9.173,0-16.622,7.438-16.622,16.621C103.507,168.488,110.956,175.922,120.129,175.922z\"><\/path> \t<path d=\"M233.235,209.217H120.129c-9.173,0-16.622,7.432-16.622,16.621c0,9.186,7.449,16.623,16.622,16.623h113.106 \t\tc9.174,0,16.622-7.438,16.622-16.623C249.857,216.648,242.409,209.217,233.235,209.217z\"><\/path> \t<path d=\"M248.231,285.443c-2.629-5.697-8.312-9.709-14.996-9.709H120.129c-9.173,0-16.622,7.434-16.622,16.623 \t\tc0,9.188,7.449,16.623,16.622,16.623H230.57C235.603,300.492,241.531,292.602,248.231,285.443z\"><\/path> \t<path d=\"M103.507,358.875c0,9.19,7.449,16.621,16.622,16.621h91.617c0.177-11.488,1.85-22.611,4.737-33.24h-96.354 \t\tC110.956,342.256,103.507,349.688,103.507,358.875z\"><\/path> \t<path d=\"M436.349,354.773c1.87,7.318,2.971,14.963,2.971,22.854c0,51.029-41.523,92.555-92.558,92.555 \t\tc-51.05,0-92.574-41.525-92.574-92.555c0-51.055,41.524-92.572,92.574-92.572c13.002,0,25.374,2.727,36.62,7.578l13.766-22.107 \t\tc-15.324-7.242-32.351-11.414-50.386-11.414c-65.35,0-118.509,53.16-118.509,118.516c0,65.334,53.159,118.494,118.509,118.494 \t\tc65.335,0,118.498-53.16,118.498-118.494c0-18.164-4.237-35.32-11.558-50.713L436.349,354.773z\"><\/path> \t<path d=\"M458.426,245.707c-3.554-2.209-7.501-3.268-11.412-3.268c-7.204,0-14.27,3.604-18.357,10.18l-85.935,138.103 \t\tl-28.798-41.066c-4.202-5.988-10.907-9.19-17.723-9.19c-4.285,0-8.602,1.27-12.389,3.918c-9.755,6.846-12.139,20.318-5.272,30.092 \t\tl47.544,67.82c4.058,5.775,10.664,9.199,17.708,9.199c0.197,0,0.39,0,0.587,0c7.257-0.207,13.925-4.025,17.759-10.176 \t\tl103.201-165.846C471.655,265.332,468.554,252.002,458.426,245.707z\"><\/path> <\/g> <\/svg><\/span><span class=\"gb-headline-text\">Verific\u0103ri<\/span><\/h3>\n\n\n\n<p class=\"has-var-contrast-3-color has-text-color\">Verificarea \u0219i punerea \u00een func\u021biune a dispozitivului \/ dispozitivelor medicale<\/p>\n\n\n\n<p>Verificarea parametrilor func\u021bionali a dispozitivului \/ dispozitivelor medicale . Opera\u021biunea se finalizeaz\u0103 cu eliberarea buletinului de verificare cu m\u0103sur\u0103tori specifice, a raportului service \u0219i aplicarea\u00a0 timbrului de verificare pe fiecare dispozitiv medical controlat.<\/p>\n\n<\/div><\/div>\n\n<div class=\"gb-grid-column gb-grid-column-59e57264\"><div class=\"gb-container gb-container-59e57264\">\n\n<h3 class=\"gb-headline gb-headline-9451c10f\"><span class=\"gb-icon\"><svg xmlns=\"http:\/\/www.w3.org\/2000\/svg\" fill=\"#000000\" height=\"800px\" width=\"800px\" version=\"1.1\" id=\"Capa_1\" viewBox=\"0 0 496.121 496.121\" xml:space=\"preserve\"><metadata id=\"metadata23\">image\/svg+xml<\/metadata><defs id=\"defs21\"><\/defs>  <path style=\"stroke-width:1\" d=\"m 435.55612,178.35147 h -99.46785 c -32.61242,0 -58.70234,-26.08992 -59.51765,-58.70234 V 21.811896 c 0.81531,-9.783716 -6.52249,-17.9368242 -16.30621,-18.752135 -0.81531,0 -1.63062,0 -2.44593,0 H 100.46359 c -32.612409,0 -58.702338,26.089932 -59.517649,58.702338 V 434.3589 c 0,32.61241 26.90524,58.70234 59.517649,58.70234 h 295.14232 c 32.61241,0 58.70234,-26.08993 59.51765,-58.70234 V 198.73422 c 0.81531,-10.59902 -8.1531,-20.38275 -19.56744,-20.38275 0,0 0,0 0,0 z m -56.25641,251.11557 c -6.52248,6.52248 -14.67559,9.78372 -24.45931,9.78372 -8.96842,0 -17.93682,-3.26124 -24.45931,-9.78372 L 217.86828,316.95422 c -7.3378,3.26125 -14.6756,4.89186 -22.82869,5.70717 -47.288,5.70717 -89.68414,-28.53586 -95.391309,-75.82386 -1.63062,-12.22964 0,-24.45931 3.261239,-35.87365 0.81531,-3.26124 4.89186,-4.07655 8.15311,-1.63062 l 48.91861,48.91863 c 3.26124,4.07654 9.78373,4.07654 13.04497,0.81531 0,0 0.81531,0 0.81531,-0.81531 l 34.24303,-34.24305 c 4.07655,-3.26124 4.07655,-9.78371 0.81531,-13.04496 0,0 0,-0.81531 -0.81531,-0.81531 l -48.91861,-48.91862 c -1.63063,-1.63062 -1.63063,-4.89185 0,-7.33778 0.8153,-0.81531 0.8153,-0.81531 1.63061,-0.81531 8.15311,-1.63062 17.12153,-3.26125 25.27462,-3.26125 48.10331,0 86.42289,38.31959 87.2382,86.4229 0,3.26123 0,6.52247 -0.81531,9.78371 -0.81531,8.15311 -3.26124,15.4909 -5.70717,22.82869 l 112.51282,113.32813 c 13.04496,13.04497 13.04496,34.24304 0,47.288 z\" id=\"path4\"><\/path><\/svg><\/span><span class=\"gb-headline-text\">\u00centre\u021binere \/ Mentenan\u021b\u0103<\/span><\/h3>\n\n\n\n<p class=\"has-var-contrast-3-color has-text-color\">Conform normelor legale \u00een vigoare aplicabile dispozitivelor medicale.<\/p>\n\n<\/div><\/div>\n\n<div class=\"gb-grid-column gb-grid-column-cd7478c3\"><div class=\"gb-container gb-container-cd7478c3\">\n\n<h3 class=\"gb-headline gb-headline-beafcc95\"><span class=\"gb-icon\"><svg xmlns=\"http:\/\/www.w3.org\/2000\/svg\" viewBox=\"0 0 512 512\" height=\"800px\" width=\"800px\" fill=\"#000000\"><path d=\"M501.1 395.7L384 278.6c-23.1-23.1-57.6-27.6-85.4-13.9L192 158.1V96L64 0 0 64l96 128h62.1l106.6 106.6c-13.6 27.8-9.2 62.3 13.9 85.4l117.1 117.1c14.6 14.6 38.2 14.6 52.7 0l52.7-52.7c14.5-14.6 14.5-38.2 0-52.7zM331.7 225c28.3 0 54.9 11 74.9 31l19.4 19.4c15.8-6.9 30.8-16.5 43.8-29.5 37.1-37.1 49.7-89.3 37.9-136.7-2.2-9-13.5-12.1-20.1-5.5l-74.4 74.4-67.9-11.3L334 98.9l74.4-74.4c6.6-6.6 3.4-17.9-5.7-20.2-47.4-11.7-99.6.9-136.6 37.9-28.5 28.5-41.9 66.1-41.2 103.6l82.1 82.1c8.1-1.9 16.5-2.9 24.7-2.9zm-103.9 82l-56.7-56.7L18.7 402.8c-25 25-25 65.5 0 90.5s65.5 25 90.5 0l123.6-123.6c-7.6-19.9-9.9-41.6-5-62.7zM64 472c-13.2 0-24-10.8-24-24 0-13.3 10.7-24 24-24s24 10.7 24 24c0 13.2-10.7 24-24 24z\"><\/path><\/svg><\/span><span class=\"gb-headline-text\">Repara\u021bii \/ Service<\/span><\/h3>\n\n\n\n<p class=\"has-var-contrast-3-color has-text-color\">Efectuarea opera\u021biunilor necesare de \u00eenlocuire a componentelor defecte\u00a0 \u0219i repunerea \u00een func\u021biune a dispozitivelor medicale.<\/p>\n\n<\/div><\/div>\n<\/div>\n<\/div>\n\n<div class=\"gb-container gb-container-2b7d3752\">\n\n<h2 class=\"gb-headline gb-headline-217f603f\"><span class=\"gb-icon\"><svg xmlns=\"http:\/\/www.w3.org\/2000\/svg\" viewBox=\"0 0 512 512\" width=\"1em\" height=\"1em\" aria-hidden=\"true\"><path d=\"M328 256c0 39.8-32.2 72-72 72s-72-32.2-72-72 32.2-72 72-72 72 32.2 72 72zm104-72c-39.8 0-72 32.2-72 72s32.2 72 72 72 72-32.2 72-72-32.2-72-72-72zm-352 0c-39.8 0-72 32.2-72 72s32.2 72 72 72 72-32.2 72-72-32.2-72-72-72z\" fill=\"currentColor\"><\/path><\/svg><\/span><span class=\"gb-headline-text\">DE CE NOI?<\/span><\/h2>\n\n\n<div class=\"gb-container gb-container-db048d91\">\n<div class=\"gb-container gb-container-a583d15c\" style=\"background-image: url(https:\/\/cjam.ro\/wp-content\/uploads\/2023\/07\/g14.png);\"><\/div>\n\n<div class=\"gb-container gb-container-44368304\">\n\n<h3 class=\"gb-headline gb-headline-c505c165 gb-headline-text\">Permanent preg\u0103ti\u021bi<\/h3>\n\n\n\n<p class=\"gb-headline gb-headline-323df45d gb-headline-text\">CJAM Bra\u0219ov investe\u0219te \u00een permanen\u021b\u0103 \u00een preg\u0103tirea echipei sale de tehnicieni pentru a se asigura c\u0103 serviciile oferite sunt la cel mai ridicat standard de calitate.<\/p>\n\n\n\n<h4 class=\"gb-headline gb-headline-d1d40c7f gb-headline-text\">Profesionalism<\/h4>\n\n\n<div class=\"gb-container gb-container-057c1403\">\n<div class=\"gb-container gb-container-bbf280f1\"><\/div>\n<\/div>\n\n\n<h4 class=\"gb-headline gb-headline-29324851 gb-headline-text\">Experien\u021b\u0103<\/h4>\n\n\n<div class=\"gb-container gb-container-89bd081e\">\n<div class=\"gb-container gb-container-16f9c01e\"><\/div>\n<\/div>\n\n\n<h4 class=\"gb-headline gb-headline-4a54bd47 gb-headline-text\">\u00centotdeauna la timp<\/h4>\n\n\n<div class=\"gb-container gb-container-67fe5f1d\">\n<div class=\"gb-container gb-container-cc506d83\"><\/div>\n<\/div>\n\n\n<h4 class=\"gb-headline gb-headline-a150c6e5 gb-headline-text\">Suport excelent<\/h4>\n\n\n<div class=\"gb-container gb-container-79fe48bd\">\n<div class=\"gb-container gb-container-54c77eea\"><\/div>\n<\/div>\n\n\n<a class=\"gb-button gb-button-cbc5b97c gb-button-text\" href=\"https:\/\/cjam.ro\/index.php\/contact\">mAI MULTE<\/a>\n\n<\/div>\n<\/div>\n<\/div>","protected":false},"excerpt":{"rendered":"centrul jude\u021bean de aparatur\u0103 medical\u0103 bra\u0219ov a fost fondat acum peste 70 de ani.&nbsp;Ast\u0103zi este format dintr-o echip\u0103 de peste zece tehnicieni.&nbsp;De-a lungul timpului am investit permanent \u00een formarea \u0219i preg\u0103tirea speciali\u0219tilor no\u0219tri. Astfel, \u00een prezent, avem o contribu\u021bie major\u0103 \u00een industria serviciilor de echipamente medicale.&nbsp; Depunem eforturi \u00een fiecare zi pentru a men\u021bine serviciile &#8230; <a title=\"Echipa noastr\u0103\" class=\"read-more\" href=\"https:\/\/cjam.ro\/index.php\/echipa\/\" aria-label=\"Read more about Echipa noastr\u0103\">Read more<\/a>","protected":false},"author":1,"featured_media":0,"parent":0,"menu_order":0,"comment_status":"closed","ping_status":"closed","template":"","meta":{"_acf_changed":false,"_locale":"en_US","_original_post":"https:\/\/relay.wordifysites.com\/?page_id=35","footnotes":""},"class_list":{"0":"post-19162","1":"page","2":"type-page","3":"status-publish","5":"en-US"},"acf":[],"aioseo_notices":[],"_links":{"self":[{"href":"https:\/\/cjam.ro\/index.php\/wp-json\/wp\/v2\/pages\/19162","targetHints":{"allow":["GET"]}}],"collection":[{"href":"https:\/\/cjam.ro\/index.php\/wp-json\/wp\/v2\/pages"}],"about":[{"href":"https:\/\/cjam.ro\/index.php\/wp-json\/wp\/v2\/types\/page"}],"author":[{"embeddable":true,"href":"https:\/\/cjam.ro\/index.php\/wp-json\/wp\/v2\/users\/1"}],"replies":[{"embeddable":true,"href":"https:\/\/cjam.ro\/index.php\/wp-json\/wp\/v2\/comments?post=19162"}],"version-history":[{"count":12,"href":"https:\/\/cjam.ro\/index.php\/wp-json\/wp\/v2\/pages\/19162\/revisions"}],"predecessor-version":[{"id":19761,"href":"https:\/\/cjam.ro\/index.php\/wp-json\/wp\/v2\/pages\/19162\/revisions\/19761"}],"wp:attachment":[{"href":"https:\/\/cjam.ro\/index.php\/wp-json\/wp\/v2\/media?parent=19162"}],"curies":[{"name":"wp","href":"https:\/\/api.w.org\/{rel}","templated":true}]}}