{"id":3,"date":"2023-06-21T08:39:43","date_gmt":"2023-06-21T08:39:43","guid":{"rendered":"https:\/\/cjam.ro\/?page_id=3"},"modified":"2023-07-27T11:40:28","modified_gmt":"2023-07-27T11:40:28","slug":"politica-confidentialitate","status":"publish","type":"page","link":"https:\/\/cjam.ro\/index.php\/politica-confidentialitate\/","title":{"rendered":"Politic\u0103 de confiden\u021bialitate"},"content":{"rendered":"\n<p>Aceast\u0103 politic\u0103 (<em>Politica de confiden\u021bialitate<\/em>) descrie practicile cu privire la datele personale pe care le colect\u0103m prin site-ul aflat la adresa <a href=\"https:\/\/www.cjam.ro\">https:\/\/www.cjam.ro<\/a>, care este g\u0103zduit \u0219i operat din Rom\u00e2nia.<\/p>\n\n\n\n<p><em>Politica de confiden\u021bialitate<\/em> descrie tipurile de date cu caracter personal pe care le colect\u0103m, modul \u00een care putem utiliza aceste date \u0219i cui le putem transfera.<\/p>\n\n\n\n<p>Tot \u00een <em>politica de confiden\u021bialitate<\/em> prezent\u0103m \u0219i m\u0103surile pe care le lu\u0103m pentru a proteja securitatea datelor. De asemenea, v\u0103 explic\u0103m \u0219i cum ne pute\u021bi contacta pentru:<\/p>\n\n\n\n<ul class=\"wp-block-list\">\n<li>a accesa, rectifica sau \u0219terge datele pe care ni le-a\u021bi furnizat,<\/li>\n\n\n\n<li>a retrage orice consim\u021b\u0103m\u00e2nt pe care ni l-a\u021bi acordat \u00een vederea prelucr\u0103rii datelor cu caracter personal,<\/li>\n\n\n\n<li>a ne spune s\u0103 nu v\u0103 mai trimitem informa\u021bii despre produsele \u0219i serviciile noastre,<\/li>\n\n\n\n<li>a v\u0103 r\u0103spunde oric\u0103ror \u00eentreb\u0103ri despre practicile de confiden\u021bialitate online.<\/li>\n<\/ul>\n\n\n\n<p>V\u0103 \u00eencuraj\u0103m s\u0103 citi\u021bi aceast\u0103 <em>Politic\u0103<\/em> \u00eenainte de a folosi site-ul nostru. Folosind acest site, sunte\u021bi de acord cu termenii \u0219i condi\u021biile acestei <em>Politici<\/em>.<\/p>\n\n\n\n<hr class=\"wp-block-separator has-alpha-channel-opacity\"\/>\n\n\n\n<h2 class=\"wp-block-heading\">Ce informa\u0163ii colect\u0103m \u015fi cum le utiliz\u0103m<\/h2>\n\n\n\n<p>\u00cen cadrul acestui site ne furniza\u021bi urm\u0103toarele date cu caracter personal:<\/p>\n\n\n\n<h3 class=\"wp-block-heading\">1. \u00cen cadrul formularului de contact:<\/h3>\n\n\n\n<p>Datele cu caracter personal pe care le colect\u0103m \u00een aceast\u0103 sec\u021biune sunt:<\/p>\n\n\n\n<ul class=\"wp-block-list\">\n<li>Nume,<\/li>\n\n\n\n<li>Prenume,<\/li>\n\n\n\n<li>Adresa email,<\/li>\n\n\n\n<li>Telefon,<\/li>\n\n\n\n<li>Adresa (inclusiv ora\u0219 \u0219i jude\u021b),<\/li>\n\n\n\n<li>Date necesare pentru furnizarea informa\u021biilor solicitate.<\/li>\n<\/ul>\n\n\n\n<p>Folosim aceste date pentru a v\u0103 permite s\u0103 ne adresa\u021bi diverse cereri, fie \u00een leg\u0103tur\u0103 cu serviciile noastre, fie \u00een leg\u0103tur\u0103 cu exercitarea drepturilor dumneavoastr\u0103 referitoare la datele cu caracter personal colectate \u0219i prelucrate prin intermediul site-ului.<\/p>\n\n\n\n<p>Informa\u021bii cu privire la drepturile dumneavoastr\u0103 referitoare la datele cu caracter personal colectate \u0219i prelucrate prin intermediul site-ului \u0219i exercitarea acestora, g\u0103si\u021bi la sec\u021biunea <em>Securitate<\/em>.<\/p>\n\n\n\n<p>De asemenea, \u00een aceast\u0103 sec\u021biune colect\u0103m date cu caracter personal atunci c\u00e2nd dumneavoastr\u0103 alege\u021bi s\u0103 \u00eenc\u0103rca\u021bi un CV:<\/p>\n\n\n\n<ul class=\"wp-block-list\">\n<li>Nume<\/li>\n\n\n\n<li>Prenume<\/li>\n\n\n\n<li>Adresa email<\/li>\n\n\n\n<li>Telefon<\/li>\n\n\n\n<li>Adresa (inclusiv ora\u0219 \u0219i jude\u021b)<\/li>\n\n\n\n<li>Date privind studiile<\/li>\n<\/ul>\n\n\n\n<p>\u00cen\u021belegem c\u0103 prin trimiterea datelor din CV dori\u021bi s\u0103 ob\u021bine\u021bi un post \u00een cadrul centrului nostru \u0219i folosim aceste date pentru a analiza solicitarea dumneavoastr\u0103 de angajare. Durata de reten\u021bie a datelor pe care ni le furniza\u021bi prin intermediul CV-ului este de \u0219ase luni.<\/p>\n\n\n\n<hr class=\"wp-block-separator has-alpha-channel-opacity\"\/>\n\n\n\n<h2 class=\"wp-block-heading\">Cookies \u015fi fi\u015fiere jurnal<\/h2>\n\n\n\n<p>Folosim tehnologia cookie \u00een cadrul raport\u0103rii statistice privind pagina web. Cookie este un fragment de informa\u0163ie trimis de o pagin\u0103 web, salvat de browser-ul dispozitivului dumneavoastr\u0103 electronic (calculator, tablet\u0103, telefon) pe mediul de stocare al dispozitivului (hdd, ssd). Aceseta re\u021bin informa\u021bii care permit unei pagini web s\u0103 v\u0103 personalizeze experien\u021ba (adic\u0103 imaginile dinamice de pe site) \u015fi s\u0103 adune informa\u0163ii statistice despre pagina web, cum ar fi paginile web vizitate, desc\u0103rc\u0103rile f\u0103cute, numele de domeniu al furnizorului de internet \u015fi \u0163ara de origine a vizitatorilor, precum \u0219i adresele paginilor vizitate imediat, \u00eenainte \u015fi dup\u0103 intrarea pe pagina noastr\u0103. Informa\u0163iile din cookies ne permit s\u0103 tras\u0103m \u201eclick-urile\u201d pe care le-a\u021bi f\u0103cut (mai exact, c\u0103ile urmate de vizitatori pentru a ajunge pe pagina noastr\u0103 \u00een timp ce trec de la o pagin\u0103 la alta).<\/p>\n\n\n\n<p>De asemenea, folosim \u015fi fi\u0219iere jurnal de servere web standard care ne ajut\u0103 s\u0103 num\u0103r\u0103m vizitatorii \u0219i s\u0103 evalu\u0103m capacitatea tehnic\u0103 a paginii noastre. Folosim aceste informa\u021bii pentru a: afla c\u00e2te persoane viziteaz\u0103 site-ul, aranja paginile \u00eentr-un mod atractiv pentru utilizatori, avea o pagin\u0103 u\u015for de folosit \u00een browser \u015fi a oferi vizitatorilor pagini mai utile. \u00cenregistr\u0103m informa\u021bii despre traficul pe pagin\u0103. <strong>NU \u00ceNREGISTR\u0102M informa\u021biile despre vizitatorii individuali ai paginii noastre.<\/strong><\/p>\n\n\n\n<p>Folosim Google Analytics pentru a m\u0103sura eficien\u0163a publicit\u0103\u0163ii noastre \u0219i modul \u00een care vizitatorii folosesc pagina web.<\/p>\n\n\n\n<p>Partea de \u201easisten\u021b\u0103\u201d din bara de instrumente a majorit\u0103\u0163ii browser-elor v\u0103 arat\u0103 cum s\u0103 bloca\u0163i acceptarea de noi cookies, cum s\u0103 fi\u021bi \u00een\u0219tiin\u021ba\u021bi atunci c\u00e2nd primi\u021bi un nou cookie \u015fi cum s\u0103 dezactiva\u021bi cookie-urile existente. Nu uita\u021bi \u00eens\u0103 c\u0103 f\u0103r\u0103 cookies s-ar putea s\u0103 nu beneficia\u021bi pe deplin de toate caracteristicile paginii noastre web.<\/p>\n\n\n\n<hr class=\"wp-block-separator has-alpha-channel-opacity\"\/>\n\n\n\n<h2 class=\"wp-block-heading\">Datele cu caracter personal ale minorilor sub 16 ani<\/h2>\n\n\n\n<p>Minorii cu v\u00e2rsta de p\u00e2n\u0103 la 16 ani nu ar trebui s\u0103 transmit\u0103 nici un fel de date cu caracter personal pe pagina web f\u0103r\u0103 permisiunea (consim\u021b\u0103m\u00e2ntul sau aprobarea) tutorelui legal.<\/p>\n\n\n\n<p><strong>Site-ul nostru nu va colecta niciodat\u0103 cu bun\u0103 \u0219tiin\u021b\u0103 date cu caracter personal de la persoane despre care ar fi \u0219tiut c\u0103 sunt minori (sub 16 ani) \u0219i nici nu le va folosi sau dezv\u0103lui vreunei ter\u021be p\u0103r\u021bi neautorizate f\u0103r\u0103 consim\u021b\u0103m\u00e2ntul expres al tutorelui legal.<\/strong><\/p>\n\n\n\n<p>Lu\u00e2nd \u00een considerare tehnologia disponibil\u0103 \u00een astfel de situa\u021bii, vom face eforturi rezonabile pentru a verifica dac\u0103 titularul r\u0103spunderii p\u0103rinte\u0219ti pentru copil a dat sau a aprobat consim\u021b\u0103m\u00e2ntul precum \u0219i dac\u0103 datele cu caracter personal sunt introduse de un minor cu v\u00e2rsta sub 16 ani.<\/p>\n\n\n\n<hr class=\"wp-block-separator has-alpha-channel-opacity\"\/>\n\n\n\n<h2 class=\"wp-block-heading\">Informa\u021biile pe care le transmitem<\/h2>\n\n\n\n<p>Nu vom transmite c\u0103tre ter\u021be p\u0103r\u021bi datele dumneavoastr\u0103 cu caracter personal, cu urm\u0103toarele excep\u021bii:<\/p>\n\n\n\n<ul class=\"wp-block-list\">\n<li>cu acordul dumneavoastr\u0103,<\/li>\n\n\n\n<li>dac\u0103 este necesar\u0103 transmiterea unor informa\u021bii \u00een vederea furniz\u0103rii serviciilor solicitate de dumneavoastr\u0103,<\/li>\n\n\n\n<li>\u00een cazul \u00een care informa\u021bia este necesar\u0103 partenerilor centrului pentru \u00eembun\u0103t\u0103\u021birea sau facilitarea unor servicii solicitate de dumneavoastr\u0103. Societ\u0103\u021bile partenere au dreptul de a utiliza datele cu caracter personal furnizate numai \u00een m\u0103sura \u00een care este necesar\u0103 pentru executarea serviciului solicitat de dumneavoastr\u0103 (de ex.: transmiterea produselor comandate pentru executarea serviciului solicitat, procesarea informa\u021biilor privind plata).<\/li>\n\n\n\n<li>putem transmite date cu caracter personal autorit\u0103\u021bilor sau institu\u021biilor publice conform prevederilor legale sau bunei-credin\u021be dac\u0103:\n<ul class=\"wp-block-list\">\n<li>este prev\u0103zut \u00eentr-o dispozi\u021bie legal\u0103,<\/li>\n\n\n\n<li>previne o infrac\u021biune sau protejeaz\u0103 siguran\u021ba na\u021bional\u0103,<\/li>\n\n\n\n<li>protejeaz\u0103 siguran\u021ba individului sau siguran\u021ba public\u0103,<\/li>\n\n\n\n<li>aceste informa\u021bii sunt necesare \u00een vederea rezolv\u0103rii diferitelor situa\u021bii juridice;<\/li>\n<\/ul>\n<\/li>\n\n\n\n<li>\u00een cazul \u00een care activit\u0103\u021bile dumneavoastr\u0103 contravin termenilor \u0219i condi\u021biilor statuate de centrul nostru sau instruc\u021biunilor pentru utilizarea anumitor produse \u0219i servicii,<\/li>\n\n\n\n<li>\u00een cazul \u00een care centrul nostru fuzioneaz\u0103 sau este achizi\u021bionat total sau par\u021bial de o alt\u0103 companie, iar baza de date e transferat\u0103 noului operator.<\/li>\n\n\n\n<li>\u00een cazul \u00een care centrul nostru devine insolvabil, voluntar sau involuntar, prin lichidator, administrator sau cump\u0103r\u0103tor, baza de date poate fi v\u00e2ndut\u0103, autorizat\u0103, sau tranzac\u021bionat\u0103, doar cu acordul instan\u021bei. \u00cen cazul \u00een care vor apare situa\u021bii din cele men\u021bionate mai sus, ve\u021bi fi anun\u021ba\u021bi prin e-mail sau printr-un anun\u021b postat pe site.<\/li>\n<\/ul>\n\n\n\n<hr class=\"wp-block-separator has-alpha-channel-opacity\"\/>\n\n\n\n<h2 class=\"wp-block-heading\">Link-uri c\u0103tre alte pagini<\/h2>\n\n\n\n<p>Nu uita\u0163i c\u0103 atunci c\u00e2nd folosi\u0163i un link pentru a ajunge de pe site-ul nostru pe o alt\u0103 pagin\u0103 web, prezenta <em>politic\u0103 de confiden\u021bialitate<\/em> nu se mai aplic\u0103. Navigarea \u0219i interac\u021biunea pe care le desf\u0103\u0219ura\u021bi pe o alt\u0103 pagin\u0103 web, inclusiv orice pagin\u0103 care are un link c\u0103tre prezentul site, se supun regulilor \u015fi politicilor paginii respective. V\u0103 \u00eencuraj\u0103m s\u0103 citi\u021bi regulile \u0219i politicile paginilor pe care le vizita\u021bi pentru a \u00een\u0163elege mai exact procedurile lor de colectare, utilizare \u0219i dezv\u0103luire a datelor cu caracter personal.<\/p>\n\n\n\n<hr class=\"wp-block-separator has-alpha-channel-opacity\"\/>\n\n\n\n<h2 class=\"wp-block-heading\"><strong>Securitate<\/strong><\/h2>\n\n\n\n<p>Securitatea datelor cu caracter personal este important\u0103 pentru noi. P\u0103str\u0103m m\u0103suri adecvate de precau\u021bie de ordin administrativ, tehnic \u0219i fizic pentru a proteja datele cu caracter personal \u00eempotriva distrugerii accidentale sau ilegale, pierderii accidentale, modific\u0103rii, dezv\u0103luirii sau accesului neautorizat, utiliz\u0103rii \u0219i a tuturor celorlalte forme legale de prelucrare a datelor cu caracter personal aflate \u00een posesia noastr\u0103.<\/p>\n\n\n\n<p><strong>Drepturile dumneavoastr\u0103 \u00een leg\u0103tur\u0103 cu datele cu caracter personal colectate \u0219i prelucrate prin intermediul site-ului<\/strong><\/p>\n\n\n\n<p>\u00cen conformitate cu dispozi\u021biile Regulamentului UE nr.679\/2016, persoanele \u00eenregistrate, \u00een calitate de persoane vizate, au urm\u0103toarele drepturi:<\/p>\n\n\n\n<ul class=\"wp-block-list\">\n<li>dreptul la informare,<\/li>\n\n\n\n<li>dreptul de acces,<\/li>\n\n\n\n<li>dreptul de rectificare,<\/li>\n\n\n\n<li>dreptul de opozi\u021bie,<\/li>\n\n\n\n<li>dreptul de a solicita \u0219tergerea (dreptul de a fi uitat),<\/li>\n\n\n\n<li>dreptul de a solicita restric\u021bionarea prelucr\u0103rii,<\/li>\n\n\n\n<li>dreptul de portare,<\/li>\n\n\n\n<li>dreptul de a nu fi supus unei decizii individuale,<\/li>\n\n\n\n<li>dreptul de a se adresa cu pl\u00e2ngere c\u0103tre ANSPDCP \u2013 Autoritatea Na\u021bional\u0103 de Supraveghere a Prelucr\u0103rii Datelor cu Caracter Personal.<\/li>\n<\/ul>\n\n\n\n<p>V\u0103 pute\u0163i exercita oricare dintre aceste drepturi prin completarea unei cereri \u015fi trimiterea acesteia prin email la adresa&nbsp;<a href=\"mailto:responsabilprotectiadatelor@cjam.ro\" title=\"\">responsabilprotectiadatelor@cjam.ro<\/a>, prin po\u0219t\u0103 la adresa&nbsp;<strong>str. Alexandru Ioan Cuza, nr. 24, 500085, loc. Bra\u0219ov, jud. Bra\u0219ov<\/strong>&nbsp;sau telefonic&nbsp; la 0745-987195.<\/p>\n\n\n\n<hr class=\"wp-block-separator has-alpha-channel-opacity\"\/>\n\n\n\n<h2 class=\"wp-block-heading\">Actualizarea politicii de confiden\u021bialitate<\/h2>\n\n\n\n<p>Centrul nostru \u00ee\u0219i rezerv\u0103 dreptul de a schimba, modifica sau actualiza politica de confiden\u021bialitate \u00een orice moment, dar nu va reduce nivelul de protec\u021bie din cadrul acesteia. Acord\u0103m cea mai mare importan\u021b\u0103&nbsp; aspectelor legate de confiden\u0163ialitate \u015fi inten\u0163ion\u0103m s\u0103 r\u0103m\u00e2nem pe deplin conforma\u021bi prevederilor legale &nbsp;\u00een ceea ce prive\u015fte politica de confiden\u0163ialitate \u015fi protec\u0163ia datelor cu caracter personal. Vom actualiza periodic politica de confiden\u0163ialitate \u015fi vom afi\u015fa nout\u0103\u0163ile pe aceast\u0103 pagin\u0103.<\/p>\n\n\n\n<p>Av\u00e2nd \u00een vedere aplicarea Regulamentului (UE) 2016\/679 privind protectia persoanelor fizice in ceea ce priveste prelucrarea datelor cu caracter personal si privind libera circulatie a acestor date (denumit \u00een continuare \u201dRegulamentul GDPR), precum \u0219i accesarea prezentului site, utilizatorul \u0219i \u00ee\u0219i ofer\u0103 acordul pentru folosirea de c\u0103tre titularul site-ului, at\u00e2t a datelor cu caracter personal astfel cum sunt ele legisferate de Regulamentul GDPR, precum \u0219i a informatiilor prev\u0103zute \u00een fi\u0219ierele tip radiografie dentar\u0103 ce se vor \u00eenc\u0103rca pe site.<\/p>\n\n\n\n<p>Procesarea datelor cu caracter personal se va efectua strict \u00een scopurile expuse, respectiv, furnizarea de informa\u021bii medicale, contactarea \u00een vederea prezent\u0103rii ofertelor dispuse de titularul site-ului, prezentarea de sugestii medicale, \u00eentocmirea de planului de tratament \u0219i \/ sau alte aspecte ce au leg\u0103tura cu tratamentul stomatologic al pacientului.<\/p>\n\n\n\n<p>Orice date cu caracter personal incluse \u00een documentele primite de la utilizator, ori cu ocazia utilizarii site-ului, vor fi prelucrate \u00een conformitate cu Regulamentul (UE) 2016\/679 privind protec\u021bia persoanelor fizice \u00een ceea ce prive\u0219te prelucrarea datelor cu caracter personal \u0219i privind libera circula\u021bie a acestor date, precum \u0219i a legisla\u021biei interne privind protec\u021bia datelor cu caracter personal.<\/p>\n\n\n\n<p>P\u0103r\u021bile vor limita accesul personalului la datele strict necesare pentru furnizarea de informa\u021bii de ordin medical \u2013 stomatologic, propunerea de tratamente \u0219i contactarea \u00een vederea prezent\u0103rii ofertelor de servicii ale titularului.<\/p>\n\n\n\n<p>Titularul site-ului adopt\u0103 m\u0103suri de securitate tehnic\u0103 \u0219i organizatoric\u0103 corespunz\u0103toare, \u021bin\u00e2nd cont de riscurile inerente proces\u0103rii \u0219i de natura datelor cu personal:<\/p>\n\n\n\n<ul class=\"wp-block-list\">\n<li>pentru a \u00eempiedica orice persoan\u0103 neautorizat\u0103 s\u0103 aib\u0103 acces la suport informatic care con\u021bine date cu caracter personal primite de la utilizator ;<\/li>\n\n\n\n<li>pentru a asigura c\u0103 utilizatorii autoriza\u021bi ai sistemului de prelucrare a datelor pot accesa numai datele cu caracter personal la care se refer\u0103 dreptul lor de acces;<\/li>\n\n\n\n<li>cu ocazia comunic\u0103rii datelor cu caracter personal, titularul se asigur\u0103 c\u0103 datele nu pot fi citite, copiate sau \u0219terse, dec\u00e2t de personalul autorizat \u00een acest sens, iar utilizatorul \u00ee\u0219i poate retrage \u00een orice moment consim\u021b\u0103m\u00e2ntul pentru utilizarea acestor date.<\/li>\n\n\n\n<li>&nbsp;titularul asigur\u0103 confiden\u021bialitatea \u0219i secretul datelor cu caracter personal cu care intr\u0103 \u00een contact, \u00een \u00eendeplinirea drepturilor \u0219i a obliga\u021biilor izvor\u00e2te din Regulamentul GDPR.<\/li>\n<\/ul>\n","protected":false},"excerpt":{"rendered":"Aceast\u0103 politic\u0103 (Politica de confiden\u021bialitate) descrie practicile cu privire la datele personale pe care le colect\u0103m prin site-ul aflat la adresa https:\/\/www.cjam.ro, care este g\u0103zduit \u0219i operat din Rom\u00e2nia. Politica de confiden\u021bialitate descrie tipurile de date cu caracter personal pe care le colect\u0103m, modul \u00een care putem utiliza aceste date \u0219i cui le putem transfera. &#8230; <a title=\"Politic\u0103 de confiden\u021bialitate\" class=\"read-more\" href=\"https:\/\/cjam.ro\/index.php\/politica-confidentialitate\/\" aria-label=\"Read more about Politic\u0103 de confiden\u021bialitate\">Read more<\/a>","protected":false},"author":1,"featured_media":19446,"parent":0,"menu_order":0,"comment_status":"closed","ping_status":"closed","template":"","meta":{"_acf_changed":false,"_locale":"en_US","_original_post":"https:\/\/cjam.ro\/?page_id=3","footnotes":""},"class_list":{"0":"post-3","1":"page","2":"type-page","3":"status-publish","4":"has-post-thumbnail","6":"en-US"},"acf":[],"aioseo_notices":[],"_links":{"self":[{"href":"https:\/\/cjam.ro\/index.php\/wp-json\/wp\/v2\/pages\/3","targetHints":{"allow":["GET"]}}],"collection":[{"href":"https:\/\/cjam.ro\/index.php\/wp-json\/wp\/v2\/pages"}],"about":[{"href":"https:\/\/cjam.ro\/index.php\/wp-json\/wp\/v2\/types\/page"}],"author":[{"embeddable":true,"href":"https:\/\/cjam.ro\/index.php\/wp-json\/wp\/v2\/users\/1"}],"replies":[{"embeddable":true,"href":"https:\/\/cjam.ro\/index.php\/wp-json\/wp\/v2\/comments?post=3"}],"version-history":[{"count":4,"href":"https:\/\/cjam.ro\/index.php\/wp-json\/wp\/v2\/pages\/3\/revisions"}],"predecessor-version":[{"id":19573,"href":"https:\/\/cjam.ro\/index.php\/wp-json\/wp\/v2\/pages\/3\/revisions\/19573"}],"wp:featuredmedia":[{"embeddable":true,"href":"https:\/\/cjam.ro\/index.php\/wp-json\/wp\/v2\/media\/19446"}],"wp:attachment":[{"href":"https:\/\/cjam.ro\/index.php\/wp-json\/wp\/v2\/media?parent=3"}],"curies":[{"name":"wp","href":"https:\/\/api.w.org\/{rel}","templated":true}]}}