{"id":59,"date":"2023-06-26T10:11:54","date_gmt":"2023-06-26T10:11:54","guid":{"rendered":"https:\/\/cjam.ro\/?page_id=59"},"modified":"2023-07-26T10:38:02","modified_gmt":"2023-07-26T10:38:02","slug":"termeni-conditii-utilizare","status":"publish","type":"page","link":"https:\/\/cjam.ro\/index.php\/termeni-conditii-utilizare\/","title":{"rendered":"Termeni \u0219i condi\u021bii de utilizare"},"content":{"rendered":"\n<p><strong>Acceptarea condi\u021biilor<\/strong><\/p>\n\n\n\n<p>Siteul web <a href=\"http:\/\/cjam.ro\">cjam.ro<\/a> este domeniul oficial al Centrului Jude\u021bean de Aparatur\u0103 Medical\u0103 Bra\u0219ov (denumit \u00een continuare <em>CJAM Bra\u0219ov<\/em>) pentru asigurarea unei mai mari transparen\u021be \u0219i o mai bun\u0103 \u00een\u021belegere a activit\u0103\u021bilor sale.<\/p>\n\n\n\n<p>Utilizarea site-ului <a href=\"http:\/\/www.cjam.ro\">www.cjam.ro<\/a> (denumit \u00een continuare <em>site<\/em>) presupune acceptarea \u00een totalitate a termenilor \u0219i condi\u021biilor expuse mai jos.<\/p>\n\n\n\n<p>Termenii \u0219i condi\u021biile pot fi modificate \u00een orice moment de c\u0103tre administratorul site-ului, denumit \u00een continuare <em>Administrator<\/em>, f\u0103r\u0103 notificarea prealabil\u0103 a persoanelor care \u00eel utilizeaz\u0103, denumite \u00een continuare <em>Utilizatori<\/em>.<\/p>\n\n\n\n<p>Utilizatorii vor avea acces permanent la termenii \u0219i condi\u021biile pentru utilizarea serviciilor pentru a le putea consulta \u00een orice moment.<\/p>\n\n\n\n<p>Acces\u00e2nd \u0219i navig\u00e2nd pe acest site, <em>Utilizatorii<\/em> accept\u0103 implicit, termenii de utilizare descri\u0219i \u00een continuare.<\/p>\n\n\n\n<p>\u00cen cazul \u00een care nu sunt de acord cu termenii \u0219i condi\u021biile impuse, <em>Utilizatorii<\/em> trebuie s\u0103 \u00eenceteze accesarea acestui serviciu.<\/p>\n\n\n\n<p><strong>Descrierea serviciilor<\/strong><\/p>\n\n\n\n<p>Prin intermediul sec\u021biunilor sale, site-ul <a href=\"http:\/\/www.cjam.ro\" target=\"_blank\" rel=\"noreferrer noopener\">www.cjam.ro<\/a> ofer\u0103 <em>Utilizatorilor<\/em> informa\u021bii, acte normative, decizii, hot\u0103r\u00e2ri, reglement\u0103ri \u0219i nout\u0103\u021bi referitoare la activitatea CJAM Bra\u0219ov.<\/p>\n\n\n\n<p><strong>Ce este un serviciu electronic?<\/strong><\/p>\n\n\n\n<p>\u00cen cadrul domeniului <a href=\"http:\/\/www.cjam.ro\">www.cjam.ro<\/a>, un serviciu electronic reprezint\u0103 o resurs\u0103 oferit\u0103 prin internet cu scopul de a \u00eembun\u0103t\u0103\u021bi procesul de comunicare dintre cet\u0103\u021beni \u0219i CJAM Bra\u0219ov.<\/p>\n\n\n\n<p>Exist\u0103 dou\u0103 tipuri de servicii electronice oferite de domeniul www.cjam.ro:<\/p>\n\n\n\n<ul class=\"wp-block-list\">\n<li>servicii de informare, care asigur\u0103 cet\u0103\u021benilor, presei sau altor factori interesa\u021bi acces u\u0219or \u0219i eficient la informa\u021bii, facilit\u00e2nd consultarea documentelor emise de c\u0103tre CJAM Bra\u0219ov,<\/li>\n\n\n\n<li>servicii de comunicare interactiv\u0103 (<em>Contacteaz\u0103 CJAM Bra\u0219ov<\/em>), care permit un mai bun contact cu cet\u0103\u021benii, cu societatea civil\u0103 \u0219i cu al\u021bi factori interesa\u021bi, folosind mecanisme de tip feedback, cu scopul de a \u00eembun\u0103t\u0103\u021bi serviciile \u0219i activit\u0103\u021bile CJAM Bra\u0219ov.<\/li>\n<\/ul>\n\n\n\n<p>Dac\u0103 ai \u00eentreb\u0103ri cu privire la politica noastr\u0103 de confiden\u021bialitate, te rug\u0103m s\u0103 ne contactezi la <a href=\"mailto:responsabilprotectiadatelor@cjam.ro\" target=\"_blank\" rel=\"noreferrer noopener\">responsabilprotectiadatelor@cjam.ro<\/a>.<\/p>\n\n\n\n<p><strong>Neangajarea r\u0103spunderii<\/strong><\/p>\n\n\n\n<p>CJAM Bra\u0219ov \u00eentre\u021bine acest domeniu pentru a \u00eenlesni accesul public la informa\u021bii privind activit\u0103\u021bile sale. Administratorul depune eforturi pentru ca aceste informa\u021bii s\u0103 fie corecte \u0219i oferite la timp. La semnalarea eventualelor erori, Administratorul va \u00eencerca \u00een cel mai scurt timp, corectarea acestora.<\/p>\n\n\n\n<p><strong>Informa\u021bia oferit\u0103:<\/strong><\/p>\n\n\n\n<ul class=\"wp-block-list\">\n<li>este exclusiv de natur\u0103 general\u0103;<\/li>\n\n\n\n<li>nu este \u00een mod obligatoriu atotcuprinz\u0103toare, complet\u0103, corect\u0103 sau actualizat\u0103;<\/li>\n\n\n\n<li>poate con\u021bine leg\u0103turi web spre alte site-uri asupra con\u021binutului c\u0103rora CJAM Bra\u0219ov nu de\u021bine nici un control \u0219i pentru care nu \u00ee\u0219i asum\u0103 nici o responsabilitate.<\/li>\n<\/ul>\n\n\n\n<p>Un document disponibil pe site nu reproduce \u00een mod obligatoriu textul unui document oficial.<\/p>\n\n\n\n<p>Numai documentele \u0219i actele normative publicate pe h\u00e2rtie sunt considerate autentice.<\/p>\n\n\n\n<p>Administratorul nu \u00ee\u0219i asum\u0103 r\u0103spunderea \u00een cazul \u00een care anumite informa\u021bii sunt furnizate cu \u00eent\u00e2rziere, sunt pierdute, \u0219terse sau nu pot fi stocate pe serverele noastre din orice motive.<\/p>\n\n\n\n<p>De asemenea, nu \u00ee\u0219i asum\u0103 r\u0103spunderea pentru consecin\u021bele care pot ap\u0103rea datorit\u0103 \u00eent\u00e2rzierii, pierderii sau inexactit\u0103\u021bii informa\u021biilor publicate sau existente pe site.<\/p>\n\n\n\n<p>Utilizatorii vor folosi informa\u021biile furnizate \u00een cadrul site-ului pe propria r\u0103spundere, iar \u00een cazul unei daune generate de utilizarea serviciilor sau informa\u021biilor furnizate, Utilizatorii accept\u0103 c\u0103 Administratorul va fi absolvit de orice r\u0103spundere.<\/p>\n\n\n\n<p>No\u021biunea de neangajare a r\u0103spunderii nu se r\u0103sfr\u00e2nge \u0219i asupra obliga\u021biei Direc\u021biei de S\u0103n\u0103tate Public\u0103 Bra\u0219ov de a respecta legisla\u021bia \u00een vigoare \u0219i nu poate exclude obliga\u021biile Direc\u021biei de S\u0103n\u0103tate Public\u0103 impuse de lege.<\/p>\n\n\n\n<p><strong>Reguli generale<\/strong><\/p>\n\n\n\n<p>Administratorul site-ului declar\u0103 urm\u0103toarele:<\/p>\n\n\n\n<ul class=\"wp-block-list\">\n<li>va depune toate eforturile rezonabile pentru realizarea scopului site-ului;<\/li>\n\n\n\n<li>va depune toate eforturile (din punct de vedere tehnic sau de alt\u0103 natur\u0103) pentru func\u021bionarea \u00een bune condi\u021bii a site-ului; cu toate acestea, pot exista \u00eentreruperi \u00een func\u021bionare, sau imposibilit\u0103\u021bi de accesare de c\u0103tre Utilizatori, pe o perioad\u0103 nedeterminat\u0103 de timp, din motive independente de voin\u021ba noastr\u0103;<\/li>\n\n\n\n<li>pe m\u0103sura apari\u021biei unor situa\u021bii noi de orice natur\u0103 ce impun acest lucru, Administratorul poate modifica condi\u021biile \u0219i termenii de utilizare;<\/li>\n\n\n\n<li>orice schimbare a regulilor de utilizare a cookie-urilor va fi publicat\u0103 \u00een aceast\u0103 pagin\u0103 \u0219i comunicat\u0103 pe site-ul nostru.<\/li>\n<\/ul>\n","protected":false},"excerpt":{"rendered":"Acceptarea condi\u021biilor Siteul web cjam.ro este domeniul oficial al Centrului Jude\u021bean de Aparatur\u0103 Medical\u0103 Bra\u0219ov (denumit \u00een continuare CJAM Bra\u0219ov) pentru asigurarea unei mai mari transparen\u021be \u0219i o mai bun\u0103 \u00een\u021belegere a activit\u0103\u021bilor sale. Utilizarea site-ului www.cjam.ro (denumit \u00een continuare site) presupune acceptarea \u00een totalitate a termenilor \u0219i condi\u021biilor expuse mai jos. Termenii \u0219i condi\u021biile &#8230; <a title=\"Termeni \u0219i condi\u021bii de utilizare\" class=\"read-more\" href=\"https:\/\/cjam.ro\/index.php\/termeni-conditii-utilizare\/\" aria-label=\"Read more about Termeni \u0219i condi\u021bii de utilizare\">Read more<\/a>","protected":false},"author":1,"featured_media":19446,"parent":0,"menu_order":0,"comment_status":"closed","ping_status":"closed","template":"","meta":{"_acf_changed":false,"_locale":"en_US","_original_post":"https:\/\/cjam.ro\/?page_id=59","footnotes":""},"class_list":{"0":"post-59","1":"page","2":"type-page","3":"status-publish","4":"has-post-thumbnail","6":"en-US"},"acf":[],"aioseo_notices":[],"_links":{"self":[{"href":"https:\/\/cjam.ro\/index.php\/wp-json\/wp\/v2\/pages\/59","targetHints":{"allow":["GET"]}}],"collection":[{"href":"https:\/\/cjam.ro\/index.php\/wp-json\/wp\/v2\/pages"}],"about":[{"href":"https:\/\/cjam.ro\/index.php\/wp-json\/wp\/v2\/types\/page"}],"author":[{"embeddable":true,"href":"https:\/\/cjam.ro\/index.php\/wp-json\/wp\/v2\/users\/1"}],"replies":[{"embeddable":true,"href":"https:\/\/cjam.ro\/index.php\/wp-json\/wp\/v2\/comments?post=59"}],"version-history":[{"count":6,"href":"https:\/\/cjam.ro\/index.php\/wp-json\/wp\/v2\/pages\/59\/revisions"}],"predecessor-version":[{"id":19528,"href":"https:\/\/cjam.ro\/index.php\/wp-json\/wp\/v2\/pages\/59\/revisions\/19528"}],"wp:featuredmedia":[{"embeddable":true,"href":"https:\/\/cjam.ro\/index.php\/wp-json\/wp\/v2\/media\/19446"}],"wp:attachment":[{"href":"https:\/\/cjam.ro\/index.php\/wp-json\/wp\/v2\/media?parent=59"}],"curies":[{"name":"wp","href":"https:\/\/api.w.org\/{rel}","templated":true}]}}